{"id":7765,"date":"2021-08-25T09:40:13","date_gmt":"2021-08-25T06:40:13","guid":{"rendered":"https:\/\/ecoworms.eu\/%d0%ba%d0%be%d0%bd%d1%82%d0%b0%d0%ba%d1%82%d1%8b\/"},"modified":"2026-01-20T13:29:39","modified_gmt":"2026-01-20T10:29:39","slug":"contact-us","status":"publish","type":"page","link":"https:\/\/ecoworms.eu\/lv\/contact-us\/","title":{"rendered":"Kontakti"},"content":{"rendered":"<div class=\"wpb-content-wrapper\"><p>[vc_row css=&#8221;.vc_custom_1629884823266{margin-bottom: 0px !important;}&#8221; wd_z_index=&#8221;no&#8221; woodmart_css_id=&#8221;612611951eaea&#8221; responsive_spacing=&#8221;eyJwYXJhbV90eXBlIjoid29vZG1hcnRfcmVzcG9uc2l2ZV9zcGFjaW5nIiwic2VsZWN0b3JfaWQiOiI2MTI2MTE5NTFlYWVhIiwic2hvcnRjb2RlIjoidmNfcm93IiwiZGF0YSI6eyJ0YWJsZXQiOnt9LCJtb2JpbGUiOnt9fX0=&#8221; mobile_bg_img_hidden=&#8221;no&#8221; tablet_bg_img_hidden=&#8221;no&#8221; woodmart_parallax=&#8221;0&#8243; woodmart_gradient_switch=&#8221;no&#8221; row_reverse_mobile=&#8221;0&#8243; row_reverse_tablet=&#8221;0&#8243; woodmart_disable_overflow=&#8221;0&#8243;][vc_column width=&#8221;1\/2&#8243; css=&#8221;.vc_custom_1629884819677{margin-bottom: 35px !important;padding-top: 10px !important;}&#8221; offset=&#8221;vc_col-lg-4 vc_col-md-4&#8243; wd_z_index=&#8221;no&#8221; woodmart_css_id=&#8221;61261191a5446&#8243; responsive_spacing=&#8221;eyJwYXJhbV90eXBlIjoid29vZG1hcnRfcmVzcG9uc2l2ZV9zcGFjaW5nIiwic2VsZWN0b3JfaWQiOiI2MTI2MTE5MWE1NDQ2Iiwic2hvcnRjb2RlIjoidmNfY29sdW1uIiwiZGF0YSI6eyJ0YWJsZXQiOnt9LCJtb2JpbGUiOnt9fX0=&#8221; parallax_scroll=&#8221;no&#8221; mobile_bg_img_hidden=&#8221;no&#8221; tablet_bg_img_hidden=&#8221;no&#8221; woodmart_parallax=&#8221;0&#8243; woodmart_sticky_column=&#8221;false&#8221; mobile_reset_margin=&#8221;no&#8221; tablet_reset_margin=&#8221;no&#8221;]\n\t\t<div id=\"wd-63500455a3b0f\" class=\"title-wrapper wd-wpb wd-set-mb reset-last-child  wd-rs-63500455a3b0f wd-title-color-default wd-title-style-default text-left vc_custom_1666188392450 wd-underline-colored\">\n\t\t\t\n\t\t\t<div class=\"liner-continer\">\n\t\t\t\t<h4 class=\"woodmart-title-container title  wd-font-weight- wd-fontsize-l\" >M\u016bsu veikals:<\/h4>\n\t\t\t\t\t\t\t<\/div>\n\t\t\t\n\t\t\t\n\t\t\t\n\t\t<\/div>\n\t\t\n\t\t[vc_images_carousel images=&#8221;7950,7956,7958,7946,7944,7942,7938,7936,7948&#8243; img_size=&#8221;375&#215;200&#8243; css=&#8221;&#8221;]\t\t\t<div class=\"info-box-wrapper\">\n\t\t\t\t<div id=\"wd-696f5770c2919\" class=\" wd-rs-696f5770c2919 wd-info-box wd-wpb text-left box-icon-align-top box-style- color-scheme- wd-bg-none vc_custom_1768904623497\">\n\t\t\t\t\t\t\t\t\t\t<div class=\"info-box-content\">\n\t\t\t\t\t\t\t\t\t\t\t\t<div class=\"info-box-inner reset-last-child\"><p><span class=\"list-content\">Sesku iela 11 k-5 , LV-1035 , Latvij\u0101 , R\u012bga<\/span><\/p>\n<p>Sabiedriskais transports:<br \/>\n20, 50, 63. autobuss. Pietura: Ska\u0146u iela <\/p>\n<p><span class=\"list-content\"><a href=\"https:\/\/waze.com\/ul?ll=56.945189,24.177390&amp;navigate=yes\">Waze<\/a><br \/>\n<a href=\"https:\/\/goo.gl\/maps\/Wu1YNoSPFXGwEydZ9\">Google kartes<\/a><\/span><\/p>\n<p>Darba laiks:<br \/>\nP. 10:00 &#8211; 18:00<br \/>\nO. 10:00 &#8211; 18:00<br \/>\nT. 10:00 &#8211; 18:00<br \/>\nC. 10:00 &#8211; 19:00<br \/>\nPk.10:00 &#8211; 19:00<br \/>\nS. 10:00 &#8211; 18:00<br \/>\nSv. Sl\u0113gts<\/p>\n<\/div>\n\n\t\t\t\t\t\t\t\t\t\t\t<\/div>\n\n\t\t\t\t\t\n\t\t\t\t\t\t\t\t\t<\/div>\n\t\t\t<\/div>\n\t\t\t\t<div id=\"wd-6358fd670e5a0\" class=\"wd-text-block wd-wpb reset-last-child wd-rs-6358fd670e5a0 text-left \">\n\t\t\t<p style=\"text-align: left;\"><span style=\"color: #333333;\"><strong>E-pasts:<\/strong><\/span>  <a href=\"mailto:info@ecoworms.eu\">info@ecoworms.eu<\/a><br \/>\n<span style=\"color: #333333;\"><strong>T\u0101lr:<\/strong><\/span> <a href=\"tel:+37128101222\">+371 28101222<\/a><\/p>\n\t\t<\/div>\n\t\t<div id=\"wd-6350028f091c9\" class=\" wd-rs-6350028f091c9   wd-rs-6350028f091c9 wd-button-wrapper text-left\"><a href=\"#contact-form-popup\" title=\"\" class=\"btn btn-color-primary btn-style-default btn-shape-rectangle btn-size-default wd-open-popup \">S\u016bt\u012bt zi\u0146u<\/a><\/div><div id=\"contact-form-popup\" class=\"mfp-hide wd-popup wd-popup-element wd-scroll-content\" style=\"--wd-popup-width:900px;\"><style data-type=\"vc_shortcodes-custom-css\">.vc_custom_1627982565310{margin-top: -30px !important;margin-right: -30px !important;margin-bottom: -30px !important;margin-left: -30px !important;}.vc_custom_1627982416578{padding-top: 30px !important;padding-right: 30px !important;padding-bottom: 15px !important;padding-left: 30px !important;}<\/style><div class=\"wpb-content-wrapper\">[vc_row equal_height=\"yes\" woodmart_css_id=\"61090adb91014\" responsive_spacing=\"eyJwYXJhbV90eXBlIjoid29vZG1hcnRfcmVzcG9uc2l2ZV9zcGFjaW5nIiwic2VsZWN0b3JfaWQiOiI2MTA5MGFkYjkxMDE0Iiwic2hvcnRjb2RlIjoidmNfcm93IiwiZGF0YSI6eyJ0YWJsZXQiOnt9LCJtb2JpbGUiOnt9fX0=\" mobile_bg_img_hidden=\"no\" tablet_bg_img_hidden=\"no\" woodmart_parallax=\"0\" woodmart_gradient_switch=\"no\" row_reverse_mobile=\"0\" row_reverse_tablet=\"0\" woodmart_disable_overflow=\"0\" css=\".vc_custom_1627982565310{margin-top: -30px !important;margin-right: -30px !important;margin-bottom: -30px !important;margin-left: -30px !important;}\"][vc_column css=\".vc_custom_1627982416578{padding-top: 30px !important;padding-right: 30px !important;padding-bottom: 15px !important;padding-left: 30px !important;}\" woodmart_css_id=\"61090a45ae5b4\" responsive_spacing=\"eyJwYXJhbV90eXBlIjoid29vZG1hcnRfcmVzcG9uc2l2ZV9zcGFjaW5nIiwic2VsZWN0b3JfaWQiOiI2MTA5MGE0NWFlNWI0Iiwic2hvcnRjb2RlIjoidmNfY29sdW1uIiwiZGF0YSI6eyJ0YWJsZXQiOnt9LCJtb2JpbGUiOnt9fX0=\" parallax_scroll=\"no\" mobile_bg_img_hidden=\"no\" tablet_bg_img_hidden=\"no\" woodmart_parallax=\"0\" woodmart_sticky_column=\"false\" mobile_reset_margin=\"no\" tablet_reset_margin=\"no\"]\n\t\t<div id=\"wd-634fffb5ce5a8\" class=\"title-wrapper wd-wpb wd-set-mb reset-last-child  wd-rs-634fffb5ce5a8 wd-title-color-default wd-title-style-default text-left  wd-underline-colored\">\n\t\t\t\n\t\t\t<div class=\"liner-continer\">\n\t\t\t\t<h4 class=\"woodmart-title-container title  wd-font-weight- wd-fontsize-m\" >Uzrakstiet zi\u0146u<\/h4>\n\t\t\t\t\t\t\t<\/div>\n\t\t\t\n\t\t\t\n\t\t\t\n\t\t<\/div>\n\t\t\n\t\t\n<div class=\"wpcf7 no-js\" id=\"wpcf7-f7816-o1\" lang=\"lv-LV\" dir=\"ltr\" data-wpcf7-id=\"7816\">\n<div class=\"screen-reader-response\"><p role=\"status\" aria-live=\"polite\" aria-atomic=\"true\"><\/p> <ul><\/ul><\/div>\n<form action=\"\/lv\/wp-json\/wp\/v2\/pages\/7765#wpcf7-f7816-o1\" method=\"post\" class=\"wpcf7-form init\" aria-label=\"Contact form\" novalidate=\"novalidate\" data-status=\"init\">\n<fieldset class=\"hidden-fields-container\"><input type=\"hidden\" name=\"_wpcf7\" value=\"7816\" \/><input type=\"hidden\" name=\"_wpcf7_version\" value=\"6.1.5\" \/><input type=\"hidden\" name=\"_wpcf7_locale\" value=\"lv_LV\" \/><input type=\"hidden\" name=\"_wpcf7_unit_tag\" value=\"wpcf7-f7816-o1\" \/><input type=\"hidden\" name=\"_wpcf7_container_post\" value=\"0\" \/><input type=\"hidden\" name=\"_wpcf7_posted_data_hash\" value=\"\" \/><input type=\"hidden\" name=\"_wpcf7_recaptcha_response\" value=\"\" \/>\n<\/fieldset>\n<div class=\"row\">\n\t<p class=\"col-md-6\"><label>V\u0101rds:<\/label><span class=\"wpcf7-form-control-wrap\" data-name=\"your-name\"><input size=\"40\" maxlength=\"400\" class=\"wpcf7-form-control wpcf7-text wpcf7-validates-as-required\" aria-required=\"true\" aria-invalid=\"false\" value=\"\" type=\"text\" name=\"your-name\" \/><\/span>\n\t<\/p>\n\t<p class=\"col-md-6\"><label>E-pasts:<\/label><span class=\"wpcf7-form-control-wrap\" data-name=\"your-email\"><input size=\"40\" maxlength=\"400\" class=\"wpcf7-form-control wpcf7-email wpcf7-validates-as-required wpcf7-text wpcf7-validates-as-email\" aria-required=\"true\" aria-invalid=\"false\" value=\"\" type=\"email\" name=\"your-email\" \/><\/span>\n\t<\/p>\n<\/div>\n<div class=\"row\">\n\t<p class=\"col-md-6\"><label>Telefons:<\/label><span class=\"wpcf7-form-control-wrap\" data-name=\"tel-767\"><input size=\"40\" maxlength=\"400\" class=\"wpcf7-form-control wpcf7-tel wpcf7-text wpcf7-validates-as-tel\" aria-invalid=\"false\" value=\"\" type=\"tel\" name=\"tel-767\" \/><\/span>\n\t<\/p>\n<!-- <p class=\"col-md-6\"><label>Company<\/label><span class=\"wpcf7-form-control-wrap\" data-name=\"text-1\"><input size=\"40\" maxlength=\"400\" class=\"wpcf7-form-control wpcf7-text\" aria-invalid=\"false\" value=\"\" type=\"text\" name=\"text-1\" \/><\/span><\/p> -->\n<\/div>\n<p><label>Zi\u0146ojums:<\/label><span class=\"wpcf7-form-control-wrap\" data-name=\"your-message\"><textarea cols=\"40\" rows=\"10\" maxlength=\"2000\" class=\"wpcf7-form-control wpcf7-textarea\" aria-invalid=\"false\" name=\"your-message\"><\/textarea><\/span>\n<\/p>\n<p><input class=\"wpcf7-form-control wpcf7-submit has-spinner btn-color-black\" type=\"submit\" value=\"S\u016aT\u012aT\" \/>\n<\/p><div class=\"wpcf7-response-output\" aria-hidden=\"true\"><\/div>\n<\/form>\n<\/div>\n[\/vc_column][\/vc_row]<\/div><\/div>[\/vc_column][vc_column width=&#8221;1\/2&#8243; offset=&#8221;vc_col-lg-8 vc_col-md-8&#8243; wd_z_index=&#8221;no&#8221; woodmart_css_id=&#8221;6126118e36399&#8243; responsive_spacing=&#8221;eyJwYXJhbV90eXBlIjoid29vZG1hcnRfcmVzcG9uc2l2ZV9zcGFjaW5nIiwic2VsZWN0b3JfaWQiOiI2MTI2MTE4ZTM2Mzk5Iiwic2hvcnRjb2RlIjoidmNfY29sdW1uIiwiZGF0YSI6eyJ0YWJsZXQiOnt9LCJtb2JpbGUiOnt9fX0=&#8221; parallax_scroll=&#8221;no&#8221; mobile_bg_img_hidden=&#8221;no&#8221; tablet_bg_img_hidden=&#8221;no&#8221; woodmart_parallax=&#8221;0&#8243; woodmart_sticky_column=&#8221;false&#8221; mobile_reset_margin=&#8221;no&#8221; tablet_reset_margin=&#8221;no&#8221;][vc_empty_space height=&#8221;72px&#8221; woodmart_hide_large=&#8221;0&#8243; woodmart_hide_medium=&#8221;0&#8243; woodmart_hide_small=&#8221;0&#8243;]\t\t\t<div class=\"google-map-container wd-map-container   wd-rs-69d6884c0840c\" style=\"height: 450px\" data-map-args='{&quot;multiple_markers&quot;:&quot;no&quot;,&quot;latitude&quot;:&quot;56.94517100&quot;,&quot;longitude&quot;:&quot;24.17736900&quot;,&quot;zoom&quot;:&quot;15&quot;,&quot;mouse_zoom&quot;:&quot;yes&quot;,&quot;init_type&quot;:&quot;page_load&quot;,&quot;init_offset&quot;:&quot;100&quot;,&quot;elementor&quot;:false,&quot;json_style&quot;:&quot;&quot;,&quot;marker_icon&quot;:&quot;https:\\\/\\\/ecoworms.eu\\\/wp-content\\\/themes\\\/woodmart\\\/inc\\\/admin\\\/assets\\\/images\\\/google-icon.png&quot;,&quot;marker_icon_size&quot;:&quot;&quot;,&quot;marker_text_needed&quot;:&quot;no&quot;,&quot;marker_text&quot;:&quot;&lt;h3 style=\\&quot;min-width:300px; text-align:center; margin:15px;\\&quot;&gt;&lt;\\\/h3&gt;&quot;,&quot;selector&quot;:&quot;wd-map-id-69d6884c08456&quot;,&quot;markers&quot;:&quot;&quot;,&quot;center&quot;:&quot;&quot;}'>\n\t\t\t\t\n\t\t\t\t\n\t\t\t\t<div class=\"wd-google-map-wrapper wd-map-wrapper wd-fill\">\n\t\t\t\t\t<div id=\"wd-map-id-69d6884c08456\" class=\"wd-google-map without-content wd-fill\"><\/div>\n\t\t\t\t<\/div>\n\n\t\t\t\t\t\t\t<\/div>\n\t\t[\/vc_column][\/vc_row][vc_row][vc_column][\/vc_column][\/vc_row]<\/p>\n<\/div>","protected":false},"excerpt":{"rendered":"<p>[vc_row css=&#8221;.vc_custom_1629884823266{margin-bottom: 0px !important;}&#8221; wd_z_index=&#8221;no&#8221; woodmart_css_id=&#8221;612611951eaea&#8221; responsive_spacing=&#8221;eyJwYXJhbV90eXBlIjoid29vZG1hcnRfcmVzcG9uc2l2ZV9zcGFjaW5nIiwic2VsZWN0b3JfaWQiOiI2MTI2MTE5NTFlYWVhIiwic2hvcnRjb2RlIjoidmNfcm93IiwiZGF0YSI6eyJ0YWJsZXQiOnt9LCJtb2JpbGUiOnt9fX0=&#8221; mobile_bg_img_hidden=&#8221;no&#8221; tablet_bg_img_hidden=&#8221;no&#8221; woodmart_parallax=&#8221;0&#8243; woodmart_gradient_switch=&#8221;no&#8221; row_reverse_mobile=&#8221;0&#8243; row_reverse_tablet=&#8221;0&#8243; woodmart_disable_overflow=&#8221;0&#8243;][vc_column width=&#8221;1\/2&#8243; css=&#8221;.vc_custom_1629884819677{margin-bottom: 35px !important;padding-top: 10px !important;}&#8221;<\/p>\n","protected":false},"author":1,"featured_media":0,"parent":0,"menu_order":0,"comment_status":"closed","ping_status":"closed","template":"maintenance.php","meta":{"footnotes":""},"class_list":["post-7765","page","type-page","status-publish","hentry"],"yoast_head":"<!-- This site is optimized with the Yoast SEO plugin v27.0 - https:\/\/yoast.com\/product\/yoast-seo-wordpress\/ -->\n<title>Kontakti - ECOWORMS<\/title>\n<meta name=\"robots\" content=\"index, follow, max-snippet:-1, max-image-preview:large, max-video-preview:-1\" \/>\n<link rel=\"canonical\" href=\"https:\/\/ecoworms.eu\/lv\/contact-us\/\" \/>\n<meta property=\"og:locale\" content=\"lv_LV\" \/>\n<meta property=\"og:type\" content=\"article\" \/>\n<meta property=\"og:title\" content=\"Kontakti - ECOWORMS\" \/>\n<meta property=\"og:description\" content=\"[vc_row css=&#8221;.vc_custom_1629884823266{margin-bottom: 0px !important;}&#8221; wd_z_index=&#8221;no&#8221; woodmart_css_id=&#8221;612611951eaea&#8221; responsive_spacing=&#8221;eyJwYXJhbV90eXBlIjoid29vZG1hcnRfcmVzcG9uc2l2ZV9zcGFjaW5nIiwic2VsZWN0b3JfaWQiOiI2MTI2MTE5NTFlYWVhIiwic2hvcnRjb2RlIjoidmNfcm93IiwiZGF0YSI6eyJ0YWJsZXQiOnt9LCJtb2JpbGUiOnt9fX0=&#8221; mobile_bg_img_hidden=&#8221;no&#8221; tablet_bg_img_hidden=&#8221;no&#8221; woodmart_parallax=&#8221;0&#8243; woodmart_gradient_switch=&#8221;no&#8221; row_reverse_mobile=&#8221;0&#8243; row_reverse_tablet=&#8221;0&#8243; woodmart_disable_overflow=&#8221;0&#8243;][vc_column width=&#8221;1\/2&#8243; css=&#8221;.vc_custom_1629884819677{margin-bottom: 35px !important;padding-top: 10px !important;}&#8221;\" \/>\n<meta property=\"og:url\" content=\"https:\/\/ecoworms.eu\/lv\/contact-us\/\" \/>\n<meta property=\"og:site_name\" content=\"ECOWORMS\" \/>\n<meta property=\"article:publisher\" content=\"https:\/\/www.facebook.com\/ecoworms.eu\" \/>\n<meta property=\"article:modified_time\" content=\"2026-01-20T10:29:39+00:00\" \/>\n<meta name=\"twitter:card\" content=\"summary_large_image\" \/>\n<meta name=\"twitter:label1\" content=\"Est. reading time\" \/>\n\t<meta name=\"twitter:data1\" content=\"2 minutes\" \/>\n<script type=\"application\/ld+json\" class=\"yoast-schema-graph\">{\"@context\":\"https:\/\/schema.org\",\"@graph\":[{\"@type\":\"WebPage\",\"@id\":\"https:\/\/ecoworms.eu\/lv\/contact-us\/\",\"url\":\"https:\/\/ecoworms.eu\/lv\/contact-us\/\",\"name\":\"Kontakti - ECOWORMS\",\"isPartOf\":{\"@id\":\"https:\/\/ecoworms.eu\/lv\/#website\"},\"datePublished\":\"2021-08-25T06:40:13+00:00\",\"dateModified\":\"2026-01-20T10:29:39+00:00\",\"breadcrumb\":{\"@id\":\"https:\/\/ecoworms.eu\/lv\/contact-us\/#breadcrumb\"},\"inLanguage\":\"lv-LV\",\"potentialAction\":[{\"@type\":\"ReadAction\",\"target\":[\"https:\/\/ecoworms.eu\/lv\/contact-us\/\"]}]},{\"@type\":\"BreadcrumbList\",\"@id\":\"https:\/\/ecoworms.eu\/lv\/contact-us\/#breadcrumb\",\"itemListElement\":[{\"@type\":\"ListItem\",\"position\":1,\"name\":\"\u0413\u043b\u0430\u0432\u043d\u0430\u044f \u0441\u0442\u0440\u0430\u043d\u0438\u0446\u0430\",\"item\":\"https:\/\/ecoworms.eu\/lv\/\"},{\"@type\":\"ListItem\",\"position\":2,\"name\":\"Kontakti\"}]},{\"@type\":\"WebSite\",\"@id\":\"https:\/\/ecoworms.eu\/lv\/#website\",\"url\":\"https:\/\/ecoworms.eu\/lv\/\",\"name\":\"ECOWORMS\",\"description\":\"\u041d\u0430\u0436\u0438\u0432\u043a\u0430 \u0438 \u0440\u044b\u0431\u043e\u043b\u043e\u0432\u043d\u044b\u0435 \u0442\u043e\u0432\u0430\u0440\u044b\",\"publisher\":{\"@id\":\"https:\/\/ecoworms.eu\/lv\/#organization\"},\"potentialAction\":[{\"@type\":\"SearchAction\",\"target\":{\"@type\":\"EntryPoint\",\"urlTemplate\":\"https:\/\/ecoworms.eu\/lv\/?s={search_term_string}\"},\"query-input\":{\"@type\":\"PropertyValueSpecification\",\"valueRequired\":true,\"valueName\":\"search_term_string\"}}],\"inLanguage\":\"lv-LV\"},{\"@type\":\"Organization\",\"@id\":\"https:\/\/ecoworms.eu\/lv\/#organization\",\"name\":\"ECOWORMS\",\"url\":\"https:\/\/ecoworms.eu\/lv\/\",\"logo\":{\"@type\":\"ImageObject\",\"inLanguage\":\"lv-LV\",\"@id\":\"https:\/\/ecoworms.eu\/lv\/#\/schema\/logo\/image\/\",\"url\":\"https:\/\/ecoworms.eu\/wp-content\/uploads\/2022\/10\/logo.png\",\"contentUrl\":\"https:\/\/ecoworms.eu\/wp-content\/uploads\/2022\/10\/logo.png\",\"width\":4361,\"height\":745,\"caption\":\"ECOWORMS\"},\"image\":{\"@id\":\"https:\/\/ecoworms.eu\/lv\/#\/schema\/logo\/image\/\"},\"sameAs\":[\"https:\/\/www.facebook.com\/ecoworms.eu\"]}]}<\/script>\n<!-- \/ Yoast SEO plugin. -->","yoast_head_json":{"title":"Kontakti - ECOWORMS","robots":{"index":"index","follow":"follow","max-snippet":"max-snippet:-1","max-image-preview":"max-image-preview:large","max-video-preview":"max-video-preview:-1"},"canonical":"https:\/\/ecoworms.eu\/lv\/contact-us\/","og_locale":"lv_LV","og_type":"article","og_title":"Kontakti - ECOWORMS","og_description":"[vc_row css=&#8221;.vc_custom_1629884823266{margin-bottom: 0px !important;}&#8221; wd_z_index=&#8221;no&#8221; woodmart_css_id=&#8221;612611951eaea&#8221; responsive_spacing=&#8221;eyJwYXJhbV90eXBlIjoid29vZG1hcnRfcmVzcG9uc2l2ZV9zcGFjaW5nIiwic2VsZWN0b3JfaWQiOiI2MTI2MTE5NTFlYWVhIiwic2hvcnRjb2RlIjoidmNfcm93IiwiZGF0YSI6eyJ0YWJsZXQiOnt9LCJtb2JpbGUiOnt9fX0=&#8221; mobile_bg_img_hidden=&#8221;no&#8221; tablet_bg_img_hidden=&#8221;no&#8221; woodmart_parallax=&#8221;0&#8243; woodmart_gradient_switch=&#8221;no&#8221; row_reverse_mobile=&#8221;0&#8243; row_reverse_tablet=&#8221;0&#8243; woodmart_disable_overflow=&#8221;0&#8243;][vc_column width=&#8221;1\/2&#8243; css=&#8221;.vc_custom_1629884819677{margin-bottom: 35px !important;padding-top: 10px !important;}&#8221;","og_url":"https:\/\/ecoworms.eu\/lv\/contact-us\/","og_site_name":"ECOWORMS","article_publisher":"https:\/\/www.facebook.com\/ecoworms.eu","article_modified_time":"2026-01-20T10:29:39+00:00","twitter_card":"summary_large_image","twitter_misc":{"Est. reading time":"2 minutes"},"schema":{"@context":"https:\/\/schema.org","@graph":[{"@type":"WebPage","@id":"https:\/\/ecoworms.eu\/lv\/contact-us\/","url":"https:\/\/ecoworms.eu\/lv\/contact-us\/","name":"Kontakti - ECOWORMS","isPartOf":{"@id":"https:\/\/ecoworms.eu\/lv\/#website"},"datePublished":"2021-08-25T06:40:13+00:00","dateModified":"2026-01-20T10:29:39+00:00","breadcrumb":{"@id":"https:\/\/ecoworms.eu\/lv\/contact-us\/#breadcrumb"},"inLanguage":"lv-LV","potentialAction":[{"@type":"ReadAction","target":["https:\/\/ecoworms.eu\/lv\/contact-us\/"]}]},{"@type":"BreadcrumbList","@id":"https:\/\/ecoworms.eu\/lv\/contact-us\/#breadcrumb","itemListElement":[{"@type":"ListItem","position":1,"name":"\u0413\u043b\u0430\u0432\u043d\u0430\u044f \u0441\u0442\u0440\u0430\u043d\u0438\u0446\u0430","item":"https:\/\/ecoworms.eu\/lv\/"},{"@type":"ListItem","position":2,"name":"Kontakti"}]},{"@type":"WebSite","@id":"https:\/\/ecoworms.eu\/lv\/#website","url":"https:\/\/ecoworms.eu\/lv\/","name":"ECOWORMS","description":"\u041d\u0430\u0436\u0438\u0432\u043a\u0430 \u0438 \u0440\u044b\u0431\u043e\u043b\u043e\u0432\u043d\u044b\u0435 \u0442\u043e\u0432\u0430\u0440\u044b","publisher":{"@id":"https:\/\/ecoworms.eu\/lv\/#organization"},"potentialAction":[{"@type":"SearchAction","target":{"@type":"EntryPoint","urlTemplate":"https:\/\/ecoworms.eu\/lv\/?s={search_term_string}"},"query-input":{"@type":"PropertyValueSpecification","valueRequired":true,"valueName":"search_term_string"}}],"inLanguage":"lv-LV"},{"@type":"Organization","@id":"https:\/\/ecoworms.eu\/lv\/#organization","name":"ECOWORMS","url":"https:\/\/ecoworms.eu\/lv\/","logo":{"@type":"ImageObject","inLanguage":"lv-LV","@id":"https:\/\/ecoworms.eu\/lv\/#\/schema\/logo\/image\/","url":"https:\/\/ecoworms.eu\/wp-content\/uploads\/2022\/10\/logo.png","contentUrl":"https:\/\/ecoworms.eu\/wp-content\/uploads\/2022\/10\/logo.png","width":4361,"height":745,"caption":"ECOWORMS"},"image":{"@id":"https:\/\/ecoworms.eu\/lv\/#\/schema\/logo\/image\/"},"sameAs":["https:\/\/www.facebook.com\/ecoworms.eu"]}]}},"_links":{"self":[{"href":"https:\/\/ecoworms.eu\/lv\/wp-json\/wp\/v2\/pages\/7765","targetHints":{"allow":["GET"]}}],"collection":[{"href":"https:\/\/ecoworms.eu\/lv\/wp-json\/wp\/v2\/pages"}],"about":[{"href":"https:\/\/ecoworms.eu\/lv\/wp-json\/wp\/v2\/types\/page"}],"author":[{"embeddable":true,"href":"https:\/\/ecoworms.eu\/lv\/wp-json\/wp\/v2\/users\/1"}],"replies":[{"embeddable":true,"href":"https:\/\/ecoworms.eu\/lv\/wp-json\/wp\/v2\/comments?post=7765"}],"version-history":[{"count":64,"href":"https:\/\/ecoworms.eu\/lv\/wp-json\/wp\/v2\/pages\/7765\/revisions"}],"predecessor-version":[{"id":8056,"href":"https:\/\/ecoworms.eu\/lv\/wp-json\/wp\/v2\/pages\/7765\/revisions\/8056"}],"wp:attachment":[{"href":"https:\/\/ecoworms.eu\/lv\/wp-json\/wp\/v2\/media?parent=7765"}],"curies":[{"name":"wp","href":"https:\/\/api.w.org\/{rel}","templated":true}]}}